{"id":12,"date":"2019-11-27T03:09:58","date_gmt":"2019-11-27T03:09:58","guid":{"rendered":"https:\/\/demosoledad.pencidesign.net\/soledad-luxury-resort-multipurpose\/?page_id=12"},"modified":"2024-03-08T21:53:52","modified_gmt":"2024-03-08T21:53:52","slug":"contactez-nous-hotel-fibule-zagora","status":"publish","type":"page","link":"https:\/\/fibule-zagora.com\/en\/contactez-nous-hotel-fibule-zagora\/","title":{"rendered":"Contact Us"},"content":{"rendered":"<div data-elementor-type=\"wp-page\" data-elementor-id=\"12\" class=\"elementor elementor-12\">\n\t\t\t\t\t\t<section class=\"penci-section penci-dmcheck penci-elbg-activate penci-disSticky penci-structure-10 elementor-section elementor-top-section elementor-element elementor-element-c308572 elementor-section-boxed elementor-section-height-default elementor-section-height-default\" data-id=\"c308572\" data-element_type=\"section\" data-settings=\"{&quot;background_background&quot;:&quot;classic&quot;}\">\n\t\t\t\t\t\t<div class=\"elementor-container elementor-column-gap-extended\">\n\t\t\t\t\t<div class=\"penci-ercol-100 penci-ercol-order-1 penci-sticky-ct    elementor-column elementor-col-100 elementor-top-column elementor-element elementor-element-de52e8c\" data-id=\"de52e8c\" data-element_type=\"column\">\n\t\t\t<div class=\"elementor-widget-wrap elementor-element-populated\">\n\t\t\t\t\t\t<div class=\"elementor-element elementor-element-34deb25 elementor-widget elementor-widget-penci-fancy_heading\" data-id=\"34deb25\" data-element_type=\"widget\" data-widget_type=\"penci-fancy_heading.default\">\n\t\t\t\t<div class=\"elementor-widget-container\">\n\t\t\t\t\t<div class=\"penci-fancy-heading penci-heading-text-center\">\r\n\t\t\t<div class=\"penci-fancy-heading-inner\">\r\n\t\t\t\t<h2 class=\"penci-heading-title\"><span class=\"inner-tit\">Contact us<\/span><\/h2>\t\t\t<\/div>\r\n\t\t<\/div>\r\n\t\t\t\t<\/div>\n\t\t\t\t<\/div>\n\t\t\t\t\t<\/div>\n\t\t<\/div>\n\t\t\t\t\t<\/div>\n\t\t<\/section>\n\t\t\t\t<section class=\"penci-section penci-disSticky penci-structure-30 elementor-section elementor-top-section elementor-element elementor-element-8a2d7cc elementor-section-boxed elementor-section-height-default elementor-section-height-default\" data-id=\"8a2d7cc\" data-element_type=\"section\">\n\t\t\t\t\t\t<div class=\"elementor-container elementor-column-gap-extended\">\n\t\t\t\t\t<div class=\"penci-ercol-33 penci-ercol-order-1 penci-sticky-sb penci-sidebarSC   elementor-column elementor-col-33 elementor-top-column elementor-element elementor-element-4667e28\" data-id=\"4667e28\" data-element_type=\"column\">\n\t\t\t<div class=\"elementor-widget-wrap elementor-element-populated\">\n\t\t\t\t\t\t<div class=\"elementor-element elementor-element-22d72e3 elementor-widget elementor-widget-penci-info-box\" data-id=\"22d72e3\" data-element_type=\"widget\" data-widget_type=\"penci-info-box.default\">\n\t\t\t\t<div class=\"elementor-widget-container\">\n\t\t\t        <div id=\"penci_info_box_24877\" class=\"penci-block-vc penci-info-box penci-ibox-top-center penci-view-default penci-shape-circle\">\r\n            <div class=\"penci-ibox-inner\">\r\n\t\t\t\t\t\t\t\t<div class=\"penci-ibox-icon penci-ibox-icon--icon penci-icon penci-tibox-icon\"><span class=\"penci-ibox-icon-fa\"><i class=\"penci-ibox-icon--i fa fa-map-pin\" aria-hidden=\"true\"><\/i><\/span><\/div>                <div class=\"penci-ibox-content-wrap\">\r\n\t\t\t\t\t\t\t\t\t\t<h3\r\n                            class=\"penci-ibox-title\">Location<\/h3>\t\t\t\t\t\t\t\t\t\t                        <div class=\"penci-ibox-content\"><p>Hay Amezrou, 47900, 47900 Morocco<\/p>\n<\/div>\t\t\t\t\t                <\/div>\r\n            <\/div>\r\n        <\/div>\r\n\t\t\t\t<\/div>\n\t\t\t\t<\/div>\n\t\t\t\t\t<\/div>\n\t\t<\/div>\n\t\t\t\t<div class=\"penci-ercol-33 penci-ercol-order-2 penci-sticky-sb penci-sidebarSC   elementor-column elementor-col-33 elementor-top-column elementor-element elementor-element-73fd0e5\" data-id=\"73fd0e5\" data-element_type=\"column\">\n\t\t\t<div class=\"elementor-widget-wrap elementor-element-populated\">\n\t\t\t\t\t\t<div class=\"elementor-element elementor-element-c8bd7f3 elementor-widget elementor-widget-penci-info-box\" data-id=\"c8bd7f3\" data-element_type=\"widget\" data-widget_type=\"penci-info-box.default\">\n\t\t\t\t<div class=\"elementor-widget-container\">\n\t\t\t        <div id=\"penci_info_box_35179\" class=\"penci-block-vc penci-info-box penci-ibox-top-center penci-view-default penci-shape-circle\">\r\n            <div class=\"penci-ibox-inner\">\r\n\t\t\t\t\t\t\t\t<div class=\"penci-ibox-icon penci-ibox-icon--icon penci-icon penci-tibox-icon\"><span class=\"penci-ibox-icon-fa\"><i class=\"penci-ibox-icon--i fa fa-hourglass\" aria-hidden=\"true\"><\/i><\/span><\/div>                <div class=\"penci-ibox-content-wrap\">\r\n\t\t\t\t\t\t\t\t\t\t<h3\r\n                            class=\"penci-ibox-title\">Opening hours\n<\/h3>\t\t\t\t\t\t\t\t\t\t                        <div class=\"penci-ibox-content\"><div>\n<table>\n<tbody>\n<tr>\n<th class=\"x2TOCf\">Mon.:<\/th>\n<td class=\"o0m3Qb\"><span class=\"WF8WNe\">09:00\u2009\u2013\u200917:00<\/span><\/td>\n<\/tr>\n<tr>\n<th class=\"x2TOCf\">Tue.:<\/th>\n<td class=\"o0m3Qb\"><span class=\"WF8WNe\">09:00\u2009\u2013\u200917:00<\/span><\/td>\n<\/tr>\n<tr>\n<th class=\"x2TOCf\">Wen.:<\/th>\n<td class=\"o0m3Qb\"><span class=\"WF8WNe\">09:00\u2009\u2013\u200917:00<\/span><\/td>\n<\/tr>\n<tr>\n<th class=\"x2TOCf\">Thu.:<\/th>\n<td class=\"o0m3Qb\"><span class=\"WF8WNe\">09:00\u2009\u2013\u200917:00<\/span><\/td>\n<\/tr>\n<tr>\n<th class=\"x2TOCf\">Fri.:<\/th>\n<td class=\"o0m3Qb\"><span class=\"WF8WNe\">09:00\u2009\u2013\u200917:00<\/span><\/td>\n<\/tr>\n<tr>\n<th class=\"x2TOCf\">Sat.:<\/th>\n<td class=\"o0m3Qb\"><span class=\"WF8WNe\">09:00\u2009\u2013\u200917:00<\/span><\/td>\n<\/tr>\n<tr>\n<th class=\"x2TOCf\">Sun.:<\/th>\n<td class=\"o0m3Qb\"><span class=\"WF8WNe\">09:00\u2009\u2013\u200917:00<\/span><\/td>\n<\/tr>\n<\/tbody>\n<\/table>\n<\/div>\n<\/div>\t\t\t\t\t                <\/div>\r\n            <\/div>\r\n        <\/div>\r\n\t\t\t\t<\/div>\n\t\t\t\t<\/div>\n\t\t\t\t\t<\/div>\n\t\t<\/div>\n\t\t\t\t<div class=\"penci-ercol-33 penci-ercol-order-3 penci-sticky-sb penci-sidebarSC   elementor-column elementor-col-33 elementor-top-column elementor-element elementor-element-238c008\" data-id=\"238c008\" data-element_type=\"column\">\n\t\t\t<div class=\"elementor-widget-wrap elementor-element-populated\">\n\t\t\t\t\t\t<div class=\"elementor-element elementor-element-bcf56c4 elementor-widget elementor-widget-penci-info-box\" data-id=\"bcf56c4\" data-element_type=\"widget\" data-widget_type=\"penci-info-box.default\">\n\t\t\t\t<div class=\"elementor-widget-container\">\n\t\t\t        <div id=\"penci_info_box_87362\" class=\"penci-block-vc penci-info-box penci-ibox-top-center penci-view-default penci-shape-circle\">\r\n            <div class=\"penci-ibox-inner\">\r\n\t\t\t\t\t\t\t\t<div class=\"penci-ibox-icon penci-ibox-icon--icon penci-icon penci-tibox-icon\"><span class=\"penci-ibox-icon-fa\"><i class=\"penci-ibox-icon--i fa fa-mobile-phone\" aria-hidden=\"true\"><\/i><\/span><\/div>                <div class=\"penci-ibox-content-wrap\">\r\n\t\t\t\t\t\t\t\t\t\t<h3\r\n                            class=\"penci-ibox-title\">Phone number<\/h3>\t\t\t\t\t\t\t\t\t\t                        <div class=\"penci-ibox-content\"><p>0524847318<\/p>\n<\/div>\t\t\t\t\t                <\/div>\r\n            <\/div>\r\n        <\/div>\r\n\t\t\t\t<\/div>\n\t\t\t\t<\/div>\n\t\t\t\t\t<\/div>\n\t\t<\/div>\n\t\t\t\t\t<\/div>\n\t\t<\/section>\n\t\t\t\t<section class=\"penci-section penci-dmcheck penci-elbg-activate penci-elbg-img penci-disSticky penci-structure-20 elementor-section elementor-top-section elementor-element elementor-element-43278c4 elementor-section-full_width elementor-section-content-middle elementor-section-height-default elementor-section-height-default\" data-id=\"43278c4\" data-element_type=\"section\" data-settings=\"{&quot;background_background&quot;:&quot;classic&quot;}\">\n\t\t\t\t\t\t\t<div class=\"elementor-background-overlay\"><\/div>\n\t\t\t\t\t\t\t<div class=\"elementor-container elementor-column-gap-wider\">\n\t\t\t\t\t<div class=\"penci-ercol-50 penci-ercol-order-1 penci-sticky-ct    elementor-column elementor-col-50 elementor-top-column elementor-element elementor-element-a205d91\" data-id=\"a205d91\" data-element_type=\"column\">\n\t\t\t<div class=\"elementor-widget-wrap elementor-element-populated\">\n\t\t\t\t\t\t<div class=\"elementor-element elementor-element-4966c76 elementor-widget elementor-widget-google_maps\" data-id=\"4966c76\" data-element_type=\"widget\" data-widget_type=\"google_maps.default\">\n\t\t\t\t<div class=\"elementor-widget-container\">\n\t\t\t<style>\/*! elementor - v3.19.0 - 28-02-2024 *\/\n.elementor-widget-google_maps .elementor-widget-container{overflow:hidden}.elementor-widget-google_maps .elementor-custom-embed{line-height:0}.elementor-widget-google_maps iframe{height:300px}<\/style>\t\t<div class=\"elementor-custom-embed\">\n\t\t\t<iframe loading=\"lazy\"\n\t\t\t\t\tsrc=\"https:\/\/maps.google.com\/maps?q=fibule%20du%20draa%2C%20hay%20Amezrou%2C%2047900%2047900%20Maroc&#038;t=m&#038;z=10&#038;output=embed&#038;iwloc=near\"\n\t\t\t\t\ttitle=\"fibule du draa, hay Amezrou, 47900 47900 Maroc\"\n\t\t\t\t\taria-label=\"fibule du draa, hay Amezrou, 47900 47900 Maroc\"\n\t\t\t><\/iframe>\n\t\t<\/div>\n\t\t\t\t<\/div>\n\t\t\t\t<\/div>\n\t\t\t\t\t<\/div>\n\t\t<\/div>\n\t\t\t\t<div class=\"penci-ercol-50 penci-ercol-order-2 penci-sticky-ct  penci-dmcheck penci-elbg-activate  elementor-column elementor-col-50 elementor-top-column elementor-element elementor-element-4a74adc\" data-id=\"4a74adc\" data-element_type=\"column\" data-settings=\"{&quot;background_background&quot;:&quot;classic&quot;}\">\n\t\t\t<div class=\"elementor-widget-wrap elementor-element-populated\">\n\t\t\t\t\t\t<div class=\"elementor-element elementor-element-e82a698 elementor-widget elementor-widget-penci-fancy_heading\" data-id=\"e82a698\" data-element_type=\"widget\" data-widget_type=\"penci-fancy_heading.default\">\n\t\t\t\t<div class=\"elementor-widget-container\">\n\t\t\t\t\t<div class=\"penci-fancy-heading penci-heading-text-center\">\r\n\t\t\t<div class=\"penci-fancy-heading-inner\">\r\n\t\t\t\t<h2 class=\"penci-heading-title\"><span class=\"inner-tit\">Send us a message<\/span><\/h2>\t\t\t<\/div>\r\n\t\t<\/div>\r\n\t\t\t\t<\/div>\n\t\t\t\t<\/div>\n\t\t\t\t<div class=\"elementor-element elementor-element-6211168 elementor-widget elementor-widget-shortcode\" data-id=\"6211168\" data-element_type=\"widget\" data-widget_type=\"shortcode.default\">\n\t\t\t\t<div class=\"elementor-widget-container\">\n\t\t\t\t\t<div class=\"elementor-shortcode\">\n<div class=\"wpcf7 no-js\" id=\"wpcf7-f283-o1\" lang=\"en-US\" dir=\"ltr\">\n<div class=\"screen-reader-response\"><p role=\"status\" aria-live=\"polite\" aria-atomic=\"true\"><\/p> <ul><\/ul><\/div>\n<form action=\"\/en\/wp-json\/wp\/v2\/pages\/12#wpcf7-f283-o1\" method=\"post\" class=\"wpcf7-form init\" aria-label=\"Contact form\" novalidate=\"novalidate\" data-status=\"init\" data-trp-original-action=\"\/en\/wp-json\/wp\/v2\/pages\/12#wpcf7-f283-o1\">\n<div style=\"display: none;\">\n<input type=\"hidden\" name=\"_wpcf7\" value=\"283\" \/>\n<input type=\"hidden\" name=\"_wpcf7_version\" value=\"5.9\" \/>\n<input type=\"hidden\" name=\"_wpcf7_locale\" value=\"en_US\" \/>\n<input type=\"hidden\" name=\"_wpcf7_unit_tag\" value=\"wpcf7-f283-o1\" \/>\n<input type=\"hidden\" name=\"_wpcf7_container_post\" value=\"0\" \/>\n<input type=\"hidden\" name=\"_wpcf7_posted_data_hash\" value=\"\" \/>\n<input type=\"hidden\" name=\"_wpcf7cf_hidden_group_fields\" value=\"[]\" \/>\n<input type=\"hidden\" name=\"_wpcf7cf_hidden_groups\" value=\"[]\" \/>\n<input type=\"hidden\" name=\"_wpcf7cf_visible_groups\" value=\"[]\" \/>\n<input type=\"hidden\" name=\"_wpcf7cf_repeaters\" value=\"[]\" \/>\n<input type=\"hidden\" name=\"_wpcf7cf_steps\" value=\"{}\" \/>\n<input type=\"hidden\" name=\"_wpcf7cf_options\" value=\"{&quot;form_id&quot;:283,&quot;conditions&quot;:[],&quot;settings&quot;:{&quot;animation&quot;:&quot;yes&quot;,&quot;animation_intime&quot;:200,&quot;animation_outtime&quot;:200,&quot;conditions_ui&quot;:&quot;normal&quot;,&quot;notice_dismissed&quot;:false,&quot;notice_dismissed_update-cf7-5.7.5.1&quot;:true,&quot;notice_dismissed_rollback-cf7-5.8.7&quot;:true}}\" \/>\n<\/div>\n<p class=\"name\"><span class=\"wpcf7-form-control-wrap\" data-name=\"your-name\"><input size=\"40\" class=\"wpcf7-form-control wpcf7-text wpcf7-validates-as-required\" aria-required=\"true\" aria-invalid=\"false\" placeholder=\"Name*\" value=\"\" type=\"text\" name=\"your-name\" \/><\/span>\n<\/p>\n<p class=\"email\"><span class=\"wpcf7-form-control-wrap\" data-name=\"your-email\"><input size=\"40\" class=\"wpcf7-form-control wpcf7-email wpcf7-validates-as-required wpcf7-text wpcf7-validates-as-email\" aria-required=\"true\" aria-invalid=\"false\" placeholder=\"Email*\" value=\"\" type=\"email\" name=\"your-email\" \/><\/span>\n<\/p>\n<p class=\"subject\"><span class=\"wpcf7-form-control-wrap\" data-name=\"your-subject\"><input size=\"40\" class=\"wpcf7-form-control wpcf7-text\" aria-invalid=\"false\" placeholder=\"Subject\" value=\"\" type=\"text\" name=\"your-subject\" \/><\/span>\n<\/p>\n<p class=\"message\"><span class=\"wpcf7-form-control-wrap\" data-name=\"your-message\"><textarea cols=\"40\" rows=\"10\" class=\"wpcf7-form-control wpcf7-textarea wpcf7-validates-as-required\" aria-required=\"true\" aria-invalid=\"false\" placeholder=\"Message:\" name=\"your-message\"><\/textarea><\/span>\n<\/p>\n<p class=\"submit\"><input class=\"wpcf7-form-control wpcf7-submit has-spinner\" type=\"submit\" value=\"Submit\" \/>\n<\/p><div class=\"wpcf7-response-output\" aria-hidden=\"true\"><\/div>\n<input type=\"hidden\" name=\"trp-form-language\" value=\"en\"\/><\/form>\n<\/div>\n<\/div>\n\t\t\t\t<\/div>\n\t\t\t\t<\/div>\n\t\t\t\t\t<\/div>\n\t\t<\/div>\n\t\t\t\t\t<\/div>\n\t\t<\/section>\n\t\t\t\t<section class=\"penci-section penci-disSticky penci-structure-10 elementor-section elementor-top-section elementor-element elementor-element-77ff9e4 elementor-section-boxed elementor-section-height-default elementor-section-height-default\" data-id=\"77ff9e4\" data-element_type=\"section\">\n\t\t\t\t\t\t<div class=\"elementor-container elementor-column-gap-default\">\n\t\t\t\t\t<div class=\"penci-ercol-100 penci-ercol-order-1 penci-sticky-ct    elementor-column elementor-col-100 elementor-top-column elementor-element elementor-element-8f072dd\" data-id=\"8f072dd\" data-element_type=\"column\">\n\t\t\t<div class=\"elementor-widget-wrap\">\n\t\t\t\t\t\t\t<\/div>\n\t\t<\/div>\n\t\t\t\t\t<\/div>\n\t\t<\/section>\n\t\t\t\t<\/div>","protected":false},"excerpt":{"rendered":"<p>Contactez-nous Localisation hay Amezrou, 47900, 47900 Maroc Horaires d&rsquo;ouverture lun.: 09:00\u2009\u2013\u200917:00 mar.: 09:00\u2009\u2013\u200917:00 mer.: 09:00\u2009\u2013\u200917:00 jeu.: 09:00\u2009\u2013\u200917:00 ven.: 09:00\u2009\u2013\u200917:00 sam.: 09:00\u2009\u2013\u200917:00 dim.: 09:00\u2009\u2013\u200917:00 num\u00e9ro t\u00e9l\u00e9phone 0524847318 Envoyez nous un message<\/p>","protected":false},"author":1,"featured_media":0,"parent":0,"menu_order":0,"comment_status":"closed","ping_status":"closed","template":"page-fullwidth.php","meta":{"footnotes":""},"class_list":["post-12","page","type-page","status-publish","hentry"],"yoast_head":"<!-- This site is optimized with the Yoast SEO plugin v22.2 - https:\/\/yoast.com\/wordpress\/plugins\/seo\/ -->\n<title>Contactez-vous - Hotel La Fibule Du Draa Zagora<\/title>\n<meta name=\"description\" content=\"Contactez-nous Localisation hay Amezrou, 47900, 47900 Maroc Horaires d&#039;ouverture lun.: 09:00\u2009\u2013\u200917:00 mar.: 09:00\u2009\u2013\u200917:00 mer.: 09:00\u2009\u2013\u200917:00 jeu.:\" \/>\n<meta name=\"robots\" content=\"index, follow, max-snippet:-1, max-image-preview:large, max-video-preview:-1\" \/>\n<link rel=\"canonical\" href=\"https:\/\/fibule-zagora.com\/en\/contactez-nous-hotel-fibule-zagora\/\" \/>\n<meta property=\"og:locale\" content=\"en_GB\" \/>\n<meta property=\"og:type\" content=\"article\" \/>\n<meta property=\"og:title\" content=\"Contactez-vous - Hotel La Fibule Du Draa Zagora\" \/>\n<meta property=\"og:description\" content=\"Contactez-nous Localisation hay Amezrou, 47900, 47900 Maroc Horaires d&#039;ouverture lun.: 09:00\u2009\u2013\u200917:00 mar.: 09:00\u2009\u2013\u200917:00 mer.: 09:00\u2009\u2013\u200917:00 jeu.:\" \/>\n<meta property=\"og:url\" content=\"https:\/\/fibule-zagora.com\/en\/contactez-nous-hotel-fibule-zagora\/\" \/>\n<meta property=\"og:site_name\" content=\"Hotel La Fibule Du Draa Zagora\" \/>\n<meta property=\"article:modified_time\" content=\"2024-03-08T21:53:52+00:00\" \/>\n<meta name=\"twitter:card\" content=\"summary_large_image\" \/>\n<meta name=\"twitter:label1\" content=\"Estimated reading time\" \/>\n\t<meta name=\"twitter:data1\" content=\"1 minute\" \/>\n<script type=\"application\/ld+json\" class=\"yoast-schema-graph\">{\"@context\":\"https:\/\/schema.org\",\"@graph\":[{\"@type\":\"WebPage\",\"@id\":\"https:\/\/fibule-zagora.com\/contactez-nous-hotel-fibule-zagora\/\",\"url\":\"https:\/\/fibule-zagora.com\/contactez-nous-hotel-fibule-zagora\/\",\"name\":\"Contactez-vous - Hotel La Fibule Du Draa Zagora\",\"isPartOf\":{\"@id\":\"https:\/\/fibule-zagora.com\/#website\"},\"datePublished\":\"2019-11-27T03:09:58+00:00\",\"dateModified\":\"2024-03-08T21:53:52+00:00\",\"description\":\"Contactez-nous Localisation hay Amezrou, 47900, 47900 Maroc Horaires d'ouverture lun.: 09:00\u2009\u2013\u200917:00 mar.: 09:00\u2009\u2013\u200917:00 mer.: 09:00\u2009\u2013\u200917:00 jeu.:\",\"breadcrumb\":{\"@id\":\"https:\/\/fibule-zagora.com\/contactez-nous-hotel-fibule-zagora\/#breadcrumb\"},\"inLanguage\":\"en-GB\",\"potentialAction\":[{\"@type\":\"ReadAction\",\"target\":[\"https:\/\/fibule-zagora.com\/contactez-nous-hotel-fibule-zagora\/\"]}]},{\"@type\":\"BreadcrumbList\",\"@id\":\"https:\/\/fibule-zagora.com\/contactez-nous-hotel-fibule-zagora\/#breadcrumb\",\"itemListElement\":[{\"@type\":\"ListItem\",\"position\":1,\"name\":\"Home\",\"item\":\"https:\/\/fibule-zagora.com\/\"},{\"@type\":\"ListItem\",\"position\":2,\"name\":\"Contactez-vous\"}]},{\"@type\":\"WebSite\",\"@id\":\"https:\/\/fibule-zagora.com\/#website\",\"url\":\"https:\/\/fibule-zagora.com\/\",\"name\":\"Hotel La Fibule Du Draa Zagora\",\"description\":\"\",\"potentialAction\":[{\"@type\":\"SearchAction\",\"target\":{\"@type\":\"EntryPoint\",\"urlTemplate\":\"https:\/\/fibule-zagora.com\/?s={search_term_string}\"},\"query-input\":\"required name=search_term_string\"}],\"inLanguage\":\"en-GB\"}]}<\/script>\n<!-- \/ Yoast SEO plugin. -->","yoast_head_json":{"title":"Contactez-vous - Hotel La Fibule Du Draa Zagora","description":"Contactez-nous Localisation hay Amezrou, 47900, 47900 Maroc Horaires d'ouverture lun.: 09:00\u2009\u2013\u200917:00 mar.: 09:00\u2009\u2013\u200917:00 mer.: 09:00\u2009\u2013\u200917:00 jeu.:","robots":{"index":"index","follow":"follow","max-snippet":"max-snippet:-1","max-image-preview":"max-image-preview:large","max-video-preview":"max-video-preview:-1"},"canonical":"https:\/\/fibule-zagora.com\/en\/contactez-nous-hotel-fibule-zagora\/","og_locale":"en_GB","og_type":"article","og_title":"Contactez-vous - Hotel La Fibule Du Draa Zagora","og_description":"Contactez-nous Localisation hay Amezrou, 47900, 47900 Maroc Horaires d'ouverture lun.: 09:00\u2009\u2013\u200917:00 mar.: 09:00\u2009\u2013\u200917:00 mer.: 09:00\u2009\u2013\u200917:00 jeu.:","og_url":"https:\/\/fibule-zagora.com\/en\/contactez-nous-hotel-fibule-zagora\/","og_site_name":"Hotel La Fibule Du Draa Zagora","article_modified_time":"2024-03-08T21:53:52+00:00","twitter_card":"summary_large_image","twitter_misc":{"Estimated reading time":"1 minute"},"schema":{"@context":"https:\/\/schema.org","@graph":[{"@type":"WebPage","@id":"https:\/\/fibule-zagora.com\/contactez-nous-hotel-fibule-zagora\/","url":"https:\/\/fibule-zagora.com\/contactez-nous-hotel-fibule-zagora\/","name":"Contactez-vous - Hotel La Fibule Du Draa Zagora","isPartOf":{"@id":"https:\/\/fibule-zagora.com\/#website"},"datePublished":"2019-11-27T03:09:58+00:00","dateModified":"2024-03-08T21:53:52+00:00","description":"Contactez-nous Localisation hay Amezrou, 47900, 47900 Maroc Horaires d'ouverture lun.: 09:00\u2009\u2013\u200917:00 mar.: 09:00\u2009\u2013\u200917:00 mer.: 09:00\u2009\u2013\u200917:00 jeu.:","breadcrumb":{"@id":"https:\/\/fibule-zagora.com\/contactez-nous-hotel-fibule-zagora\/#breadcrumb"},"inLanguage":"en-GB","potentialAction":[{"@type":"ReadAction","target":["https:\/\/fibule-zagora.com\/contactez-nous-hotel-fibule-zagora\/"]}]},{"@type":"BreadcrumbList","@id":"https:\/\/fibule-zagora.com\/contactez-nous-hotel-fibule-zagora\/#breadcrumb","itemListElement":[{"@type":"ListItem","position":1,"name":"Home","item":"https:\/\/fibule-zagora.com\/"},{"@type":"ListItem","position":2,"name":"Contactez-vous"}]},{"@type":"WebSite","@id":"https:\/\/fibule-zagora.com\/#website","url":"https:\/\/fibule-zagora.com\/","name":"Hotel La Fibule Du Draa Zagora","description":"","potentialAction":[{"@type":"SearchAction","target":{"@type":"EntryPoint","urlTemplate":"https:\/\/fibule-zagora.com\/?s={search_term_string}"},"query-input":"required name=search_term_string"}],"inLanguage":"en-GB"}]}},"_links":{"self":[{"href":"https:\/\/fibule-zagora.com\/en\/wp-json\/wp\/v2\/pages\/12","targetHints":{"allow":["GET"]}}],"collection":[{"href":"https:\/\/fibule-zagora.com\/en\/wp-json\/wp\/v2\/pages"}],"about":[{"href":"https:\/\/fibule-zagora.com\/en\/wp-json\/wp\/v2\/types\/page"}],"author":[{"embeddable":true,"href":"https:\/\/fibule-zagora.com\/en\/wp-json\/wp\/v2\/users\/1"}],"replies":[{"embeddable":true,"href":"https:\/\/fibule-zagora.com\/en\/wp-json\/wp\/v2\/comments?post=12"}],"version-history":[{"count":13,"href":"https:\/\/fibule-zagora.com\/en\/wp-json\/wp\/v2\/pages\/12\/revisions"}],"predecessor-version":[{"id":686,"href":"https:\/\/fibule-zagora.com\/en\/wp-json\/wp\/v2\/pages\/12\/revisions\/686"}],"wp:attachment":[{"href":"https:\/\/fibule-zagora.com\/en\/wp-json\/wp\/v2\/media?parent=12"}],"curies":[{"name":"wp","href":"https:\/\/api.w.org\/{rel}","templated":true}]}}