{"id":458,"date":"2023-03-23T09:24:02","date_gmt":"2023-03-23T09:24:02","guid":{"rendered":"https:\/\/fibule-zagora.com\/?page_id=458"},"modified":"2023-03-24T15:31:33","modified_gmt":"2023-03-24T15:31:33","slug":"restaurant-hotel-fibule-zagora","status":"publish","type":"page","link":"https:\/\/fibule-zagora.com\/en\/restaurant-hotel-fibule-zagora\/","title":{"rendered":"Restaurant"},"content":{"rendered":"<div data-elementor-type=\"wp-page\" data-elementor-id=\"458\" class=\"elementor elementor-458\">\n\t\t\t\t\t\t<section class=\"penci-section penci-dmcheck penci-elbg-activate penci-disSticky penci-structure-10 elementor-section elementor-top-section elementor-element elementor-element-22091254 elementor-section-boxed elementor-section-height-default elementor-section-height-default\" data-id=\"22091254\" data-element_type=\"section\" data-settings=\"{&quot;background_background&quot;:&quot;classic&quot;}\">\n\t\t\t\t\t\t<div class=\"elementor-container elementor-column-gap-extended\">\n\t\t\t\t\t<div class=\"penci-ercol-100 penci-ercol-order-1 penci-sticky-ct    elementor-column elementor-col-100 elementor-top-column elementor-element elementor-element-171e18d4\" data-id=\"171e18d4\" data-element_type=\"column\">\n\t\t\t<div class=\"elementor-widget-wrap elementor-element-populated\">\n\t\t\t\t\t\t<div class=\"elementor-element elementor-element-9d58f97 elementor-widget elementor-widget-penci-fancy_heading\" data-id=\"9d58f97\" data-element_type=\"widget\" data-widget_type=\"penci-fancy_heading.default\">\n\t\t\t\t<div class=\"elementor-widget-container\">\n\t\t\t\t\t<div class=\"penci-fancy-heading penci-heading-text-center\">\r\n\t\t\t<div class=\"penci-fancy-heading-inner\">\r\n\t\t\t\t<h2 class=\"penci-heading-title\"><span class=\"inner-tit\">Restaurant<\/span><\/h2>\t\t\t<\/div>\r\n\t\t<\/div>\r\n\t\t\t\t<\/div>\n\t\t\t\t<\/div>\n\t\t\t\t\t<\/div>\n\t\t<\/div>\n\t\t\t\t\t<\/div>\n\t\t<\/section>\n\t\t\t\t<section class=\"penci-section penci-dmcheck penci-elbg-activate penci-elbg-img penci-disSticky penci-structure-10 elementor-section elementor-top-section elementor-element elementor-element-475503ce elementor-section-boxed elementor-section-height-default elementor-section-height-default\" data-id=\"475503ce\" data-element_type=\"section\" data-settings=\"{&quot;background_background&quot;:&quot;classic&quot;}\">\n\t\t\t\t\t\t\t<div class=\"elementor-background-overlay\"><\/div>\n\t\t\t\t\t\t\t<div class=\"elementor-container elementor-column-gap-extended\">\n\t\t\t\t\t<div class=\"penci-ercol-100 penci-ercol-order-1 penci-sticky-ct    elementor-column elementor-col-100 elementor-top-column elementor-element elementor-element-7af194cb\" data-id=\"7af194cb\" data-element_type=\"column\">\n\t\t\t<div class=\"elementor-widget-wrap elementor-element-populated\">\n\t\t\t\t\t\t<div class=\"elementor-element elementor-element-509caa07 elementor-widget elementor-widget-penci-fancy_heading\" data-id=\"509caa07\" data-element_type=\"widget\" data-widget_type=\"penci-fancy_heading.default\">\n\t\t\t\t<div class=\"elementor-widget-container\">\n\t\t\t\t\t<div class=\"penci-fancy-heading penci-heading-text-center\">\r\n\t\t\t<div class=\"penci-fancy-heading-inner\">\r\n\t\t\t\t<h2 class=\"penci-heading-title\"><span class=\"inner-tit\">Restaurant<br><div style='font-family: 'playfair display', serif; font-style: italic;'>La fibule du Draa<\/div><\/span><\/h2><div class=\"penci-heading-content entry-content\"><p>Our cuisine specializes in traditional Moroccan cuisine, passed down through generations. We offer a variety of special menus from our cuisine while always remaining at your disposal for other choices from Moroccan gastronomy.<\/p>\n<\/div>\t\t\t<\/div>\r\n\t\t<\/div>\r\n\t\t\t\t<\/div>\n\t\t\t\t<\/div>\n\t\t\t\t<div class=\"elementor-element elementor-element-541a5d7c elementor-align-center elementor-widget elementor-widget-button\" data-id=\"541a5d7c\" data-element_type=\"widget\" data-widget_type=\"button.default\">\n\t\t\t\t<div class=\"elementor-widget-container\">\n\t\t\t\t\t<div class=\"elementor-button-wrapper\">\n\t\t\t<a class=\"elementor-button elementor-button-link elementor-size-lg\" href=\"#\">\n\t\t\t\t\t\t<span class=\"elementor-button-content-wrapper\">\n\t\t\t\t\t\t<span class=\"elementor-button-text\">D\u00e9couvrir maintenant<\/span>\n\t\t<\/span>\n\t\t\t\t\t<\/a>\n\t\t<\/div>\n\t\t\t\t<\/div>\n\t\t\t\t<\/div>\n\t\t\t\t\t<\/div>\n\t\t<\/div>\n\t\t\t\t\t<\/div>\n\t\t<\/section>\n\t\t\t\t<section class=\"penci-section penci-disSticky penci-structure-30 elementor-section elementor-top-section elementor-element elementor-element-2e013d4 elementor-section-boxed elementor-section-height-default elementor-section-height-default\" data-id=\"2e013d4\" data-element_type=\"section\">\n\t\t\t\t\t\t<div class=\"elementor-container elementor-column-gap-default\">\n\t\t\t\t\t<div class=\"penci-ercol-33 penci-ercol-order-1 penci-sticky-sb penci-sidebarSC   elementor-column elementor-col-33 elementor-top-column elementor-element elementor-element-bb93df7\" data-id=\"bb93df7\" data-element_type=\"column\">\n\t\t\t<div class=\"elementor-widget-wrap elementor-element-populated\">\n\t\t\t\t\t\t<div class=\"elementor-element elementor-element-adf0d6e elementor-widget elementor-widget-image\" data-id=\"adf0d6e\" data-element_type=\"widget\" data-widget_type=\"image.default\">\n\t\t\t\t<div class=\"elementor-widget-container\">\n\t\t\t<style>\/*! elementor - v3.19.0 - 28-02-2024 *\/\n.elementor-widget-image{text-align:center}.elementor-widget-image a{display:inline-block}.elementor-widget-image a img[src$=\".svg\"]{width:48px}.elementor-widget-image img{vertical-align:middle;display:inline-block}<\/style>\t\t\t\t\t\t\t\t\t\t<img fetchpriority=\"high\" decoding=\"async\" width=\"1024\" height=\"682\" src=\"https:\/\/fibule-zagora.com\/wp-content\/uploads\/2023\/03\/004A9407-1024x682.jpeg\" class=\"attachment-large size-large wp-image-461\" alt=\"\" srcset=\"https:\/\/fibule-zagora.com\/wp-content\/uploads\/2023\/03\/004A9407-1024x682.jpeg 1024w, https:\/\/fibule-zagora.com\/wp-content\/uploads\/2023\/03\/004A9407-300x200.jpeg 300w, https:\/\/fibule-zagora.com\/wp-content\/uploads\/2023\/03\/004A9407-768x512.jpeg 768w, https:\/\/fibule-zagora.com\/wp-content\/uploads\/2023\/03\/004A9407-1170x780.jpeg 1170w, https:\/\/fibule-zagora.com\/wp-content\/uploads\/2023\/03\/004A9407-585x390.jpeg 585w, https:\/\/fibule-zagora.com\/wp-content\/uploads\/2023\/03\/004A9407-263x175.jpeg 263w, https:\/\/fibule-zagora.com\/wp-content\/uploads\/2023\/03\/004A9407.jpeg 1280w\" sizes=\"(max-width: 1024px) 100vw, 1024px\" \/>\t\t\t\t\t\t\t\t\t\t\t\t\t<\/div>\n\t\t\t\t<\/div>\n\t\t\t\t\t<\/div>\n\t\t<\/div>\n\t\t\t\t<div class=\"penci-ercol-33 penci-ercol-order-2 penci-sticky-sb penci-sidebarSC   elementor-column elementor-col-33 elementor-top-column elementor-element elementor-element-f5c9dbd\" data-id=\"f5c9dbd\" data-element_type=\"column\">\n\t\t\t<div class=\"elementor-widget-wrap elementor-element-populated\">\n\t\t\t\t\t\t<div class=\"elementor-element elementor-element-31f3160 elementor-widget elementor-widget-image\" data-id=\"31f3160\" data-element_type=\"widget\" data-widget_type=\"image.default\">\n\t\t\t\t<div class=\"elementor-widget-container\">\n\t\t\t\t\t\t\t\t\t\t\t\t\t<img decoding=\"async\" width=\"1024\" height=\"683\" src=\"https:\/\/fibule-zagora.com\/wp-content\/uploads\/2023\/03\/004A8864-1024x683.jpg\" class=\"attachment-large size-large wp-image-463\" alt=\"\" srcset=\"https:\/\/fibule-zagora.com\/wp-content\/uploads\/2023\/03\/004A8864-1024x683.jpg 1024w, https:\/\/fibule-zagora.com\/wp-content\/uploads\/2023\/03\/004A8864-300x200.jpg 300w, https:\/\/fibule-zagora.com\/wp-content\/uploads\/2023\/03\/004A8864-768x512.jpg 768w, https:\/\/fibule-zagora.com\/wp-content\/uploads\/2023\/03\/004A8864-1536x1024.jpg 1536w, https:\/\/fibule-zagora.com\/wp-content\/uploads\/2023\/03\/004A8864-2048x1365.jpg 2048w, https:\/\/fibule-zagora.com\/wp-content\/uploads\/2023\/03\/004A8864-1920x1280.jpg 1920w, https:\/\/fibule-zagora.com\/wp-content\/uploads\/2023\/03\/004A8864-1170x780.jpg 1170w, https:\/\/fibule-zagora.com\/wp-content\/uploads\/2023\/03\/004A8864-585x390.jpg 585w, https:\/\/fibule-zagora.com\/wp-content\/uploads\/2023\/03\/004A8864-263x175.jpg 263w\" sizes=\"(max-width: 1024px) 100vw, 1024px\" \/>\t\t\t\t\t\t\t\t\t\t\t\t\t<\/div>\n\t\t\t\t<\/div>\n\t\t\t\t\t<\/div>\n\t\t<\/div>\n\t\t\t\t<div class=\"penci-ercol-33 penci-ercol-order-3 penci-sticky-sb penci-sidebarSC   elementor-column elementor-col-33 elementor-top-column elementor-element elementor-element-20547cc\" data-id=\"20547cc\" data-element_type=\"column\">\n\t\t\t<div class=\"elementor-widget-wrap elementor-element-populated\">\n\t\t\t\t\t\t<div class=\"elementor-element elementor-element-6b15624 elementor-widget elementor-widget-image\" data-id=\"6b15624\" data-element_type=\"widget\" data-widget_type=\"image.default\">\n\t\t\t\t<div class=\"elementor-widget-container\">\n\t\t\t\t\t\t\t\t\t\t\t\t\t<img decoding=\"async\" width=\"1024\" height=\"683\" src=\"https:\/\/fibule-zagora.com\/wp-content\/uploads\/2023\/03\/004A9608-1024x683.jpg\" class=\"attachment-large size-large wp-image-462\" alt=\"\" srcset=\"https:\/\/fibule-zagora.com\/wp-content\/uploads\/2023\/03\/004A9608-1024x683.jpg 1024w, https:\/\/fibule-zagora.com\/wp-content\/uploads\/2023\/03\/004A9608-300x200.jpg 300w, https:\/\/fibule-zagora.com\/wp-content\/uploads\/2023\/03\/004A9608-768x512.jpg 768w, https:\/\/fibule-zagora.com\/wp-content\/uploads\/2023\/03\/004A9608-1536x1024.jpg 1536w, https:\/\/fibule-zagora.com\/wp-content\/uploads\/2023\/03\/004A9608-2048x1365.jpg 2048w, https:\/\/fibule-zagora.com\/wp-content\/uploads\/2023\/03\/004A9608-1920x1280.jpg 1920w, https:\/\/fibule-zagora.com\/wp-content\/uploads\/2023\/03\/004A9608-1170x780.jpg 1170w, https:\/\/fibule-zagora.com\/wp-content\/uploads\/2023\/03\/004A9608-585x390.jpg 585w, https:\/\/fibule-zagora.com\/wp-content\/uploads\/2023\/03\/004A9608-263x175.jpg 263w\" sizes=\"(max-width: 1024px) 100vw, 1024px\" \/>\t\t\t\t\t\t\t\t\t\t\t\t\t<\/div>\n\t\t\t\t<\/div>\n\t\t\t\t\t<\/div>\n\t\t<\/div>\n\t\t\t\t\t<\/div>\n\t\t<\/section>\n\t\t\t\t<section class=\"penci-section penci-disSticky penci-structure-30 elementor-section elementor-top-section elementor-element elementor-element-eba4625 elementor-section-boxed elementor-section-height-default elementor-section-height-default\" data-id=\"eba4625\" data-element_type=\"section\">\n\t\t\t\t\t\t<div class=\"elementor-container elementor-column-gap-default\">\n\t\t\t\t\t<div class=\"penci-ercol-33 penci-ercol-order-1 penci-sticky-sb penci-sidebarSC   elementor-column elementor-col-33 elementor-top-column elementor-element elementor-element-ecc69c9\" data-id=\"ecc69c9\" data-element_type=\"column\">\n\t\t\t<div class=\"elementor-widget-wrap elementor-element-populated\">\n\t\t\t\t\t\t<div class=\"elementor-element elementor-element-9bd9adc elementor-widget elementor-widget-image\" data-id=\"9bd9adc\" data-element_type=\"widget\" data-widget_type=\"image.default\">\n\t\t\t\t<div class=\"elementor-widget-container\">\n\t\t\t\t\t\t\t\t\t\t\t\t\t<img loading=\"lazy\" decoding=\"async\" width=\"1024\" height=\"683\" src=\"https:\/\/fibule-zagora.com\/wp-content\/uploads\/2023\/03\/004A8874-1024x683.jpg\" class=\"attachment-large size-large wp-image-464\" alt=\"\" srcset=\"https:\/\/fibule-zagora.com\/wp-content\/uploads\/2023\/03\/004A8874-1024x683.jpg 1024w, https:\/\/fibule-zagora.com\/wp-content\/uploads\/2023\/03\/004A8874-300x200.jpg 300w, https:\/\/fibule-zagora.com\/wp-content\/uploads\/2023\/03\/004A8874-768x512.jpg 768w, https:\/\/fibule-zagora.com\/wp-content\/uploads\/2023\/03\/004A8874-1536x1024.jpg 1536w, https:\/\/fibule-zagora.com\/wp-content\/uploads\/2023\/03\/004A8874-2048x1365.jpg 2048w, https:\/\/fibule-zagora.com\/wp-content\/uploads\/2023\/03\/004A8874-1920x1280.jpg 1920w, https:\/\/fibule-zagora.com\/wp-content\/uploads\/2023\/03\/004A8874-1170x780.jpg 1170w, https:\/\/fibule-zagora.com\/wp-content\/uploads\/2023\/03\/004A8874-585x390.jpg 585w, https:\/\/fibule-zagora.com\/wp-content\/uploads\/2023\/03\/004A8874-263x175.jpg 263w\" sizes=\"(max-width: 1024px) 100vw, 1024px\" \/>\t\t\t\t\t\t\t\t\t\t\t\t\t<\/div>\n\t\t\t\t<\/div>\n\t\t\t\t\t<\/div>\n\t\t<\/div>\n\t\t\t\t<div class=\"penci-ercol-33 penci-ercol-order-2 penci-sticky-sb penci-sidebarSC   elementor-column elementor-col-33 elementor-top-column elementor-element elementor-element-6a66049\" data-id=\"6a66049\" data-element_type=\"column\">\n\t\t\t<div class=\"elementor-widget-wrap elementor-element-populated\">\n\t\t\t\t\t\t<div class=\"elementor-element elementor-element-a69af6e elementor-widget elementor-widget-image\" data-id=\"a69af6e\" data-element_type=\"widget\" data-widget_type=\"image.default\">\n\t\t\t\t<div class=\"elementor-widget-container\">\n\t\t\t\t\t\t\t\t\t\t\t\t\t<img loading=\"lazy\" decoding=\"async\" width=\"1024\" height=\"683\" src=\"https:\/\/fibule-zagora.com\/wp-content\/uploads\/2023\/03\/004A9612-1024x683.jpg\" class=\"attachment-large size-large wp-image-465\" alt=\"\" srcset=\"https:\/\/fibule-zagora.com\/wp-content\/uploads\/2023\/03\/004A9612-1024x683.jpg 1024w, https:\/\/fibule-zagora.com\/wp-content\/uploads\/2023\/03\/004A9612-300x200.jpg 300w, https:\/\/fibule-zagora.com\/wp-content\/uploads\/2023\/03\/004A9612-768x512.jpg 768w, https:\/\/fibule-zagora.com\/wp-content\/uploads\/2023\/03\/004A9612-1536x1024.jpg 1536w, https:\/\/fibule-zagora.com\/wp-content\/uploads\/2023\/03\/004A9612-2048x1365.jpg 2048w, https:\/\/fibule-zagora.com\/wp-content\/uploads\/2023\/03\/004A9612-1920x1280.jpg 1920w, https:\/\/fibule-zagora.com\/wp-content\/uploads\/2023\/03\/004A9612-1170x780.jpg 1170w, https:\/\/fibule-zagora.com\/wp-content\/uploads\/2023\/03\/004A9612-585x390.jpg 585w, https:\/\/fibule-zagora.com\/wp-content\/uploads\/2023\/03\/004A9612-263x175.jpg 263w\" sizes=\"(max-width: 1024px) 100vw, 1024px\" \/>\t\t\t\t\t\t\t\t\t\t\t\t\t<\/div>\n\t\t\t\t<\/div>\n\t\t\t\t\t<\/div>\n\t\t<\/div>\n\t\t\t\t<div class=\"penci-ercol-33 penci-ercol-order-3 penci-sticky-sb penci-sidebarSC   elementor-column elementor-col-33 elementor-top-column elementor-element elementor-element-6d33eea\" data-id=\"6d33eea\" data-element_type=\"column\">\n\t\t\t<div class=\"elementor-widget-wrap elementor-element-populated\">\n\t\t\t\t\t\t<div class=\"elementor-element elementor-element-1ad093d elementor-widget elementor-widget-image\" data-id=\"1ad093d\" data-element_type=\"widget\" data-widget_type=\"image.default\">\n\t\t\t\t<div class=\"elementor-widget-container\">\n\t\t\t\t\t\t\t\t\t\t\t\t\t<img loading=\"lazy\" decoding=\"async\" width=\"1024\" height=\"682\" src=\"https:\/\/fibule-zagora.com\/wp-content\/uploads\/2023\/03\/004A9375-1024x682.jpeg\" class=\"attachment-large size-large wp-image-466\" alt=\"\" srcset=\"https:\/\/fibule-zagora.com\/wp-content\/uploads\/2023\/03\/004A9375-1024x682.jpeg 1024w, https:\/\/fibule-zagora.com\/wp-content\/uploads\/2023\/03\/004A9375-300x200.jpeg 300w, https:\/\/fibule-zagora.com\/wp-content\/uploads\/2023\/03\/004A9375-768x512.jpeg 768w, https:\/\/fibule-zagora.com\/wp-content\/uploads\/2023\/03\/004A9375-1170x780.jpeg 1170w, https:\/\/fibule-zagora.com\/wp-content\/uploads\/2023\/03\/004A9375-585x390.jpeg 585w, https:\/\/fibule-zagora.com\/wp-content\/uploads\/2023\/03\/004A9375-263x175.jpeg 263w, https:\/\/fibule-zagora.com\/wp-content\/uploads\/2023\/03\/004A9375.jpeg 1280w\" sizes=\"(max-width: 1024px) 100vw, 1024px\" \/>\t\t\t\t\t\t\t\t\t\t\t\t\t<\/div>\n\t\t\t\t<\/div>\n\t\t\t\t\t<\/div>\n\t\t<\/div>\n\t\t\t\t\t<\/div>\n\t\t<\/section>\n\t\t\t\t<section class=\"penci-section penci-dmcheck penci-elbg-activate penci-elbg-img penci-disSticky penci-structure-10 elementor-section elementor-top-section elementor-element elementor-element-f0e901a elementor-section-boxed elementor-section-height-default elementor-section-height-default\" data-id=\"f0e901a\" data-element_type=\"section\" data-settings=\"{&quot;background_background&quot;:&quot;classic&quot;}\">\n\t\t\t\t\t\t\t<div class=\"elementor-background-overlay\"><\/div>\n\t\t\t\t\t\t\t<div class=\"elementor-container elementor-column-gap-extended\">\n\t\t\t\t\t<div class=\"penci-ercol-100 penci-ercol-order-1 penci-sticky-ct    elementor-column elementor-col-100 elementor-top-column elementor-element elementor-element-6b24389\" data-id=\"6b24389\" data-element_type=\"column\">\n\t\t\t<div class=\"elementor-widget-wrap elementor-element-populated\">\n\t\t\t\t\t\t<div class=\"elementor-element elementor-element-5fdcb18 elementor-widget elementor-widget-penci-fancy_heading\" data-id=\"5fdcb18\" data-element_type=\"widget\" data-widget_type=\"penci-fancy_heading.default\">\n\t\t\t\t<div class=\"elementor-widget-container\">\n\t\t\t\t\t<div class=\"penci-fancy-heading penci-heading-text-center\">\r\n\t\t\t<div class=\"penci-fancy-heading-inner\">\r\n\t\t\t\t<h2 class=\"penci-heading-title\"><span class=\"inner-tit\">Hotel<br><div style='font-family: 'playfair display', serif; font-style: italic;'>La fibule du Draa<\/div><\/span><\/h2><div class=\"penci-heading-content entry-content\"><p>D\u00e9couvrez les meilleurs repas traditionnels dans notre cuisine avec une tr\u00e8s belle salle de restaurant au d\u00e9cor original, salon de th\u00e9 orientale-berb\u00e8re, barbecue sur la terrasse et Bar<\/p>\n<\/div>\t\t\t<\/div>\r\n\t\t<\/div>\r\n\t\t\t\t<\/div>\n\t\t\t\t<\/div>\n\t\t\t\t<div class=\"elementor-element elementor-element-41dbeee elementor-align-center elementor-widget elementor-widget-button\" data-id=\"41dbeee\" data-element_type=\"widget\" data-widget_type=\"button.default\">\n\t\t\t\t<div class=\"elementor-widget-container\">\n\t\t\t\t\t<div class=\"elementor-button-wrapper\">\n\t\t\t<a class=\"elementor-button elementor-button-link elementor-size-lg\" href=\"#\">\n\t\t\t\t\t\t<span class=\"elementor-button-content-wrapper\">\n\t\t\t\t\t\t<span class=\"elementor-button-text\">D\u00e9couvrir maintenant<\/span>\n\t\t<\/span>\n\t\t\t\t\t<\/a>\n\t\t<\/div>\n\t\t\t\t<\/div>\n\t\t\t\t<\/div>\n\t\t\t\t\t<\/div>\n\t\t<\/div>\n\t\t\t\t\t<\/div>\n\t\t<\/section>\n\t\t\t\t<\/div>","protected":false},"excerpt":{"rendered":"<p>Restaurant RestaurantLa fibule du Draa Notre cuisine est de sp\u00e9cialit\u00e9 marocaine, de tradition s\u00e9culaire. Nous vous proposons quelques menus sp\u00e9ciaux de notre cuisine tout en restant toujours \u00e0 votre disposition&hellip;<\/p>","protected":false},"author":2,"featured_media":0,"parent":0,"menu_order":0,"comment_status":"closed","ping_status":"closed","template":"","meta":{"footnotes":""},"class_list":["post-458","page","type-page","status-publish","hentry"],"yoast_head":"<!-- This site is optimized with the Yoast SEO plugin v22.2 - https:\/\/yoast.com\/wordpress\/plugins\/seo\/ -->\n<title>Restaurant - Hotel La Fibule Du Draa Zagora<\/title>\n<meta name=\"description\" content=\"Restaurant RestaurantLa fibule du DraaNotre cuisine est de sp\u00e9cialit\u00e9 marocaine, de tradition s\u00e9culaire. Nous vous proposons quelques menus sp\u00e9ciaux de\" \/>\n<meta name=\"robots\" content=\"index, follow, max-snippet:-1, max-image-preview:large, max-video-preview:-1\" \/>\n<link rel=\"canonical\" href=\"https:\/\/fibule-zagora.com\/en\/restaurant-hotel-fibule-zagora\/\" \/>\n<meta property=\"og:locale\" content=\"en_GB\" \/>\n<meta property=\"og:type\" content=\"article\" \/>\n<meta property=\"og:title\" content=\"Restaurant - Hotel La Fibule Du Draa Zagora\" \/>\n<meta property=\"og:description\" content=\"Restaurant RestaurantLa fibule du DraaNotre cuisine est de sp\u00e9cialit\u00e9 marocaine, de tradition s\u00e9culaire. Nous vous proposons quelques menus sp\u00e9ciaux de\" \/>\n<meta property=\"og:url\" content=\"https:\/\/fibule-zagora.com\/en\/restaurant-hotel-fibule-zagora\/\" \/>\n<meta property=\"og:site_name\" content=\"Hotel La Fibule Du Draa Zagora\" \/>\n<meta property=\"article:modified_time\" content=\"2023-03-24T15:31:33+00:00\" \/>\n<meta property=\"og:image\" content=\"https:\/\/fibule-zagora.com\/wp-content\/uploads\/2023\/03\/004A9407-1024x682.jpeg\" \/>\n<meta name=\"twitter:card\" content=\"summary_large_image\" \/>\n<script type=\"application\/ld+json\" class=\"yoast-schema-graph\">{\"@context\":\"https:\/\/schema.org\",\"@graph\":[{\"@type\":\"WebPage\",\"@id\":\"https:\/\/fibule-zagora.com\/restaurant-hotel-fibule-zagora\/\",\"url\":\"https:\/\/fibule-zagora.com\/restaurant-hotel-fibule-zagora\/\",\"name\":\"Restaurant - Hotel La Fibule Du Draa Zagora\",\"isPartOf\":{\"@id\":\"https:\/\/fibule-zagora.com\/#website\"},\"primaryImageOfPage\":{\"@id\":\"https:\/\/fibule-zagora.com\/restaurant-hotel-fibule-zagora\/#primaryimage\"},\"image\":{\"@id\":\"https:\/\/fibule-zagora.com\/restaurant-hotel-fibule-zagora\/#primaryimage\"},\"thumbnailUrl\":\"https:\/\/fibule-zagora.com\/wp-content\/uploads\/2023\/03\/004A9407-1024x682.jpeg\",\"datePublished\":\"2023-03-23T09:24:02+00:00\",\"dateModified\":\"2023-03-24T15:31:33+00:00\",\"description\":\"Restaurant RestaurantLa fibule du DraaNotre cuisine est de sp\u00e9cialit\u00e9 marocaine, de tradition s\u00e9culaire. Nous vous proposons quelques menus sp\u00e9ciaux de\",\"breadcrumb\":{\"@id\":\"https:\/\/fibule-zagora.com\/restaurant-hotel-fibule-zagora\/#breadcrumb\"},\"inLanguage\":\"en-GB\",\"potentialAction\":[{\"@type\":\"ReadAction\",\"target\":[\"https:\/\/fibule-zagora.com\/restaurant-hotel-fibule-zagora\/\"]}]},{\"@type\":\"ImageObject\",\"inLanguage\":\"en-GB\",\"@id\":\"https:\/\/fibule-zagora.com\/restaurant-hotel-fibule-zagora\/#primaryimage\",\"url\":\"https:\/\/fibule-zagora.com\/wp-content\/uploads\/2023\/03\/004A9407.jpeg\",\"contentUrl\":\"https:\/\/fibule-zagora.com\/wp-content\/uploads\/2023\/03\/004A9407.jpeg\",\"width\":1280,\"height\":853},{\"@type\":\"BreadcrumbList\",\"@id\":\"https:\/\/fibule-zagora.com\/restaurant-hotel-fibule-zagora\/#breadcrumb\",\"itemListElement\":[{\"@type\":\"ListItem\",\"position\":1,\"name\":\"Home\",\"item\":\"https:\/\/fibule-zagora.com\/\"},{\"@type\":\"ListItem\",\"position\":2,\"name\":\"Restaurant\"}]},{\"@type\":\"WebSite\",\"@id\":\"https:\/\/fibule-zagora.com\/#website\",\"url\":\"https:\/\/fibule-zagora.com\/\",\"name\":\"Hotel La Fibule Du Draa Zagora\",\"description\":\"\",\"potentialAction\":[{\"@type\":\"SearchAction\",\"target\":{\"@type\":\"EntryPoint\",\"urlTemplate\":\"https:\/\/fibule-zagora.com\/?s={search_term_string}\"},\"query-input\":\"required name=search_term_string\"}],\"inLanguage\":\"en-GB\"}]}<\/script>\n<!-- \/ Yoast SEO plugin. -->","yoast_head_json":{"title":"Restaurant - Hotel La Fibule Du Draa Zagora","description":"Restaurant RestaurantLa fibule du DraaNotre cuisine est de sp\u00e9cialit\u00e9 marocaine, de tradition s\u00e9culaire. Nous vous proposons quelques menus sp\u00e9ciaux de","robots":{"index":"index","follow":"follow","max-snippet":"max-snippet:-1","max-image-preview":"max-image-preview:large","max-video-preview":"max-video-preview:-1"},"canonical":"https:\/\/fibule-zagora.com\/en\/restaurant-hotel-fibule-zagora\/","og_locale":"en_GB","og_type":"article","og_title":"Restaurant - Hotel La Fibule Du Draa Zagora","og_description":"Restaurant RestaurantLa fibule du DraaNotre cuisine est de sp\u00e9cialit\u00e9 marocaine, de tradition s\u00e9culaire. Nous vous proposons quelques menus sp\u00e9ciaux de","og_url":"https:\/\/fibule-zagora.com\/en\/restaurant-hotel-fibule-zagora\/","og_site_name":"Hotel La Fibule Du Draa Zagora","article_modified_time":"2023-03-24T15:31:33+00:00","og_image":[{"url":"https:\/\/fibule-zagora.com\/wp-content\/uploads\/2023\/03\/004A9407-1024x682.jpeg"}],"twitter_card":"summary_large_image","schema":{"@context":"https:\/\/schema.org","@graph":[{"@type":"WebPage","@id":"https:\/\/fibule-zagora.com\/restaurant-hotel-fibule-zagora\/","url":"https:\/\/fibule-zagora.com\/restaurant-hotel-fibule-zagora\/","name":"Restaurant - Hotel La Fibule Du Draa Zagora","isPartOf":{"@id":"https:\/\/fibule-zagora.com\/#website"},"primaryImageOfPage":{"@id":"https:\/\/fibule-zagora.com\/restaurant-hotel-fibule-zagora\/#primaryimage"},"image":{"@id":"https:\/\/fibule-zagora.com\/restaurant-hotel-fibule-zagora\/#primaryimage"},"thumbnailUrl":"https:\/\/fibule-zagora.com\/wp-content\/uploads\/2023\/03\/004A9407-1024x682.jpeg","datePublished":"2023-03-23T09:24:02+00:00","dateModified":"2023-03-24T15:31:33+00:00","description":"Restaurant RestaurantLa fibule du DraaNotre cuisine est de sp\u00e9cialit\u00e9 marocaine, de tradition s\u00e9culaire. Nous vous proposons quelques menus sp\u00e9ciaux de","breadcrumb":{"@id":"https:\/\/fibule-zagora.com\/restaurant-hotel-fibule-zagora\/#breadcrumb"},"inLanguage":"en-GB","potentialAction":[{"@type":"ReadAction","target":["https:\/\/fibule-zagora.com\/restaurant-hotel-fibule-zagora\/"]}]},{"@type":"ImageObject","inLanguage":"en-GB","@id":"https:\/\/fibule-zagora.com\/restaurant-hotel-fibule-zagora\/#primaryimage","url":"https:\/\/fibule-zagora.com\/wp-content\/uploads\/2023\/03\/004A9407.jpeg","contentUrl":"https:\/\/fibule-zagora.com\/wp-content\/uploads\/2023\/03\/004A9407.jpeg","width":1280,"height":853},{"@type":"BreadcrumbList","@id":"https:\/\/fibule-zagora.com\/restaurant-hotel-fibule-zagora\/#breadcrumb","itemListElement":[{"@type":"ListItem","position":1,"name":"Home","item":"https:\/\/fibule-zagora.com\/"},{"@type":"ListItem","position":2,"name":"Restaurant"}]},{"@type":"WebSite","@id":"https:\/\/fibule-zagora.com\/#website","url":"https:\/\/fibule-zagora.com\/","name":"Hotel La Fibule Du Draa Zagora","description":"","potentialAction":[{"@type":"SearchAction","target":{"@type":"EntryPoint","urlTemplate":"https:\/\/fibule-zagora.com\/?s={search_term_string}"},"query-input":"required name=search_term_string"}],"inLanguage":"en-GB"}]}},"_links":{"self":[{"href":"https:\/\/fibule-zagora.com\/en\/wp-json\/wp\/v2\/pages\/458","targetHints":{"allow":["GET"]}}],"collection":[{"href":"https:\/\/fibule-zagora.com\/en\/wp-json\/wp\/v2\/pages"}],"about":[{"href":"https:\/\/fibule-zagora.com\/en\/wp-json\/wp\/v2\/types\/page"}],"author":[{"embeddable":true,"href":"https:\/\/fibule-zagora.com\/en\/wp-json\/wp\/v2\/users\/2"}],"replies":[{"embeddable":true,"href":"https:\/\/fibule-zagora.com\/en\/wp-json\/wp\/v2\/comments?post=458"}],"version-history":[{"count":20,"href":"https:\/\/fibule-zagora.com\/en\/wp-json\/wp\/v2\/pages\/458\/revisions"}],"predecessor-version":[{"id":587,"href":"https:\/\/fibule-zagora.com\/en\/wp-json\/wp\/v2\/pages\/458\/revisions\/587"}],"wp:attachment":[{"href":"https:\/\/fibule-zagora.com\/en\/wp-json\/wp\/v2\/media?parent=458"}],"curies":[{"name":"wp","href":"https:\/\/api.w.org\/{rel}","templated":true}]}}